{"id":16874,"date":"2025-11-24T14:02:32","date_gmt":"2025-11-24T19:02:32","guid":{"rendered":"https:\/\/www.telcombas.com\/?page_id=16874"},"modified":"2025-11-24T14:35:21","modified_gmt":"2025-11-24T19:35:21","slug":"politica-de-calidad","status":"publish","type":"page","link":"https:\/\/www.telcombas.com\/en\/politica-de-calidad\/","title":{"rendered":"Pol\u00edtica de Calidad"},"content":{"rendered":"<div id=\"cmsmasters_row_otbwrhemsq\" class=\"cmsmasters_row cmsmasters_color_scheme_default cmsmasters_row_top_default cmsmasters_row_bot_default cmsmasters_row_boxed\" data-stellar-background-ratio=\"0.5\">\n<div class=\"cmsmasters_row_outer_parent\">\n<div class=\"cmsmasters_row_outer\">\n<div class=\"cmsmasters_row_inner\">\n<div class=\"cmsmasters_row_margin\">\n<div id=\"cmsmasters_column_icl9re5rme\" class=\"cmsmasters_column one_first\">\n<div class=\"cmsmasters_column_inner\">\n<div id=\"cmsmasters_divider_ebr16hfo4c\" class=\"cl\"><\/div>\n<div id=\"cmsmasters_heading_bxa67mheuf\" class=\"cmsmasters_heading_wrap cmsmasters_heading_align_left\" data-animation=\"fadeInUp\" data-delay=\"0\">\n\t<h2 class=\"cmsmasters_heading\">Pol\u00edtica de Calidad<\/h2>\n<\/div><div id=\"cmsmasters_heading_xpb4wfifsp\" class=\"cmsmasters_heading_wrap cmsmasters_heading_align_left\" data-animation=\"fadeInDown\" data-delay=\"0\">\n\t<h5 class=\"cmsmasters_heading\">Telcombas S.A.<\/h5>\n<\/div>\n<div id=\"cmsmasters_divider_xy46rud16\" class=\"cl\"><\/div>\n<\/div><\/div>\n<\/div>\n<\/div>\n<\/div>\n<\/div>\n<\/div>\n<div id=\"cmsmasters_row_qzja0npowv\" class=\"cmsmasters_row cmsmasters_color_scheme_default cmsmasters_row_top_default cmsmasters_row_bot_default cmsmasters_row_boxed\">\n<div class=\"cmsmasters_row_outer_parent\">\n<div class=\"cmsmasters_row_outer\">\n<div class=\"cmsmasters_row_inner\">\n<div class=\"cmsmasters_row_margin\">\n<div id=\"cmsmasters_column_5feef27y0r\" class=\"cmsmasters_column one_first\">\n<div class=\"cmsmasters_column_inner\"><div class=\"cmsmasters_text politica-calidad\">\n<h2><strong>ISO 9001<\/strong><\/h2>\n<p><strong>Estamos Certificados en ISO 9001<\/strong>; Nuestra Pol\u00edtica de Calidad, se centra en los siguientes compromisos:<\/p>\n<ol>\n<li><strong>Calidad en el Dise\u00f1o y Comercializaci\u00f3n de Productos Tecnol\u00f3gicos:<\/strong><br \/>\nDesarrollar y ofrecer productos tecnol\u00f3gicos innovadores y de alta calidad que cumplan con los est\u00e1ndares nacionales e internacionales y de medio ambiente; seg\u00fan las necesidades espec\u00edficas de nuestros clientes, asegurando su fiabilidad, eficiencia y seguridad.<\/li>\n<li><strong>Excelencia en el Servicio:<\/strong><br \/>\nBrindar un servicio de asesoramiento personalizado y soporte t\u00e9cnico que garantice una experiencia positiva para el cliente, desde el primer contacto hasta el soporte post-venta, asegurando as\u00ed la satisfacci\u00f3n y fidelizaci\u00f3n de nuestros clientes.<\/li>\n<li><strong>Compromiso con la Satisfacci\u00f3n del Cliente:<\/strong><br \/>\nEntender y satisfacer las necesidades y expectativas de nuestros clientes y partes interesadas, garantizando la conformidad con los requisitos legales, reglamentarios y los propios de nuestros servicios.<\/li>\n<li><strong>Innovaci\u00f3n y Mejora Continua:<\/strong><br \/>\nFomentar una cultura de innovaci\u00f3n y mejora continua en todos nuestros procesos, desde el dise\u00f1o y desarrollo de productos hasta la prestaci\u00f3n de servicios, con el fin de mantenernos a la vanguardia tecnol\u00f3gica y mejorar la eficacia de nuestro SGC.<\/li>\n<li><strong>Participaci\u00f3n y Desarrollo del Personal:<\/strong><br \/>\nAsegurar la participaci\u00f3n activa y el desarrollo profesional de nuestro personal, proporcionando capacitaci\u00f3n continua y recursos necesarios para que cada empleado pueda contribuir significativamente a la calidad del servicio y productos ofrecidos.<\/li>\n<li><strong>Toma de Decisiones Basada en Datos:<\/strong><br \/>\nEmplear un enfoque basado en datos para la toma de decisiones, utilizando indicadores de desempe\u00f1o y retroalimentaci\u00f3n del cliente para identificar oportunidades de mejora y optimizar nuestros procesos.<\/li>\n<li><strong>Transparencia y Comunicaci\u00f3n:<\/strong><br \/>\nComunicar esta pol\u00edtica de calidad de manera efectiva a todo el personal de <strong>TELCOMBAS<\/strong>, asegurando su comprensi\u00f3n y compromiso, y mantenerla accesible para todas las partes interesadas.<\/li>\n<\/ol>\n<p>Esta pol\u00edtica de calidad no solo refleja nuestro compromiso con la excelencia en la calidad del servicio y productos tecnol\u00f3gicos, sino que tambi\u00e9n proporciona un marco de referencia para el establecimiento de nuestros objetivos de calidad.<\/p>\n<p>&nbsp;<\/p>\n<p><em><strong>General Manager<\/strong><\/em><br \/>\n<em><strong>Christian Bascompte<\/strong><\/em><\/p>\n<\/div>\n<\/div><\/div>\n<\/div>\n<\/div>\n<\/div>\n<\/div>\n<\/div>","protected":false},"excerpt":{"rendered":"","protected":false},"author":3,"featured_media":16876,"parent":0,"menu_order":0,"comment_status":"closed","ping_status":"closed","template":"","meta":{"inline_featured_image":false,"footnotes":""},"class_list":["post-16874","page","type-page","status-publish","has-post-thumbnail","hentry"],"yoast_head":"<!-- This site is optimized with the Yoast SEO plugin v27.4 - https:\/\/yoast.com\/product\/yoast-seo-wordpress\/ -->\n<title>Pol\u00edtica de Calidad | Telcombas<\/title>\n<meta name=\"robots\" content=\"index, follow, max-snippet:-1, max-image-preview:large, max-video-preview:-1\" \/>\n<link rel=\"canonical\" href=\"https:\/\/www.telcombas.com\/en\/politica-de-calidad\/\" \/>\n<meta property=\"og:locale\" content=\"en_US\" \/>\n<meta property=\"og:type\" content=\"article\" \/>\n<meta property=\"og:title\" content=\"Pol\u00edtica de Calidad | Telcombas\" \/>\n<meta property=\"og:url\" content=\"https:\/\/www.telcombas.com\/en\/politica-de-calidad\/\" \/>\n<meta property=\"og:site_name\" content=\"Telcombas\" \/>\n<meta property=\"article:modified_time\" content=\"2025-11-24T19:35:21+00:00\" \/>\n<meta property=\"og:image\" content=\"https:\/\/www.telcombas.com\/wp-content\/uploads\/2025\/11\/IMG_7643-scaled.jpg\" \/>\n\t<meta property=\"og:image:width\" content=\"2560\" \/>\n\t<meta property=\"og:image:height\" content=\"1707\" \/>\n\t<meta property=\"og:image:type\" content=\"image\/jpeg\" \/>\n<meta name=\"twitter:card\" content=\"summary_large_image\" \/>\n<meta name=\"twitter:label1\" content=\"Est. reading time\" \/>\n\t<meta name=\"twitter:data1\" content=\"3 minutes\" \/>\n<script type=\"application\/ld+json\" class=\"yoast-schema-graph\">{\"@context\":\"https:\\\/\\\/schema.org\",\"@graph\":[{\"@type\":\"WebPage\",\"@id\":\"https:\\\/\\\/www.telcombas.com\\\/politica-de-calidad\\\/\",\"url\":\"https:\\\/\\\/www.telcombas.com\\\/politica-de-calidad\\\/\",\"name\":\"Pol\u00edtica de Calidad | Telcombas\",\"isPartOf\":{\"@id\":\"http:\\\/\\\/www.telcombas.com\\\/#website\"},\"primaryImageOfPage\":{\"@id\":\"https:\\\/\\\/www.telcombas.com\\\/politica-de-calidad\\\/#primaryimage\"},\"image\":{\"@id\":\"https:\\\/\\\/www.telcombas.com\\\/politica-de-calidad\\\/#primaryimage\"},\"thumbnailUrl\":\"https:\\\/\\\/www.telcombas.com\\\/wp-content\\\/uploads\\\/2025\\\/11\\\/IMG_7643-scaled.jpg\",\"datePublished\":\"2025-11-24T19:02:32+00:00\",\"dateModified\":\"2025-11-24T19:35:21+00:00\",\"breadcrumb\":{\"@id\":\"https:\\\/\\\/www.telcombas.com\\\/politica-de-calidad\\\/#breadcrumb\"},\"inLanguage\":\"en-US\",\"potentialAction\":[{\"@type\":\"ReadAction\",\"target\":[\"https:\\\/\\\/www.telcombas.com\\\/politica-de-calidad\\\/\"]}]},{\"@type\":\"ImageObject\",\"inLanguage\":\"en-US\",\"@id\":\"https:\\\/\\\/www.telcombas.com\\\/politica-de-calidad\\\/#primaryimage\",\"url\":\"https:\\\/\\\/www.telcombas.com\\\/wp-content\\\/uploads\\\/2025\\\/11\\\/IMG_7643-scaled.jpg\",\"contentUrl\":\"https:\\\/\\\/www.telcombas.com\\\/wp-content\\\/uploads\\\/2025\\\/11\\\/IMG_7643-scaled.jpg\",\"width\":2560,\"height\":1707},{\"@type\":\"BreadcrumbList\",\"@id\":\"https:\\\/\\\/www.telcombas.com\\\/politica-de-calidad\\\/#breadcrumb\",\"itemListElement\":[{\"@type\":\"ListItem\",\"position\":1,\"name\":\"Home\",\"item\":\"https:\\\/\\\/www.telcombas.com\\\/\"},{\"@type\":\"ListItem\",\"position\":2,\"name\":\"Pol\u00edtica de Calidad\"}]},{\"@type\":\"WebSite\",\"@id\":\"http:\\\/\\\/www.telcombas.com\\\/#website\",\"url\":\"http:\\\/\\\/www.telcombas.com\\\/\",\"name\":\"Telcombas\",\"description\":\"Integrador de Servicios de Telecomunicaciones\",\"publisher\":{\"@id\":\"http:\\\/\\\/www.telcombas.com\\\/#organization\"},\"potentialAction\":[{\"@type\":\"SearchAction\",\"target\":{\"@type\":\"EntryPoint\",\"urlTemplate\":\"http:\\\/\\\/www.telcombas.com\\\/?s={search_term_string}\"},\"query-input\":{\"@type\":\"PropertyValueSpecification\",\"valueRequired\":true,\"valueName\":\"search_term_string\"}}],\"inLanguage\":\"en-US\"},{\"@type\":\"Organization\",\"@id\":\"http:\\\/\\\/www.telcombas.com\\\/#organization\",\"name\":\"Telcombas\",\"url\":\"http:\\\/\\\/www.telcombas.com\\\/\",\"logo\":{\"@type\":\"ImageObject\",\"inLanguage\":\"en-US\",\"@id\":\"http:\\\/\\\/www.telcombas.com\\\/#\\\/schema\\\/logo\\\/image\\\/\",\"url\":\"https:\\\/\\\/www.telcombas.com\\\/wp-content\\\/uploads\\\/2022\\\/08\\\/5E58E03CC6664B7A8EEF02DD4BBD75EA.jpg\",\"contentUrl\":\"https:\\\/\\\/www.telcombas.com\\\/wp-content\\\/uploads\\\/2022\\\/08\\\/5E58E03CC6664B7A8EEF02DD4BBD75EA.jpg\",\"width\":352,\"height\":78,\"caption\":\"Telcombas\"},\"image\":{\"@id\":\"http:\\\/\\\/www.telcombas.com\\\/#\\\/schema\\\/logo\\\/image\\\/\"}}]}<\/script>\n<!-- \/ Yoast SEO plugin. -->","yoast_head_json":{"title":"Pol\u00edtica de Calidad | Telcombas","robots":{"index":"index","follow":"follow","max-snippet":"max-snippet:-1","max-image-preview":"max-image-preview:large","max-video-preview":"max-video-preview:-1"},"canonical":"https:\/\/www.telcombas.com\/en\/politica-de-calidad\/","og_locale":"en_US","og_type":"article","og_title":"Pol\u00edtica de Calidad | Telcombas","og_url":"https:\/\/www.telcombas.com\/en\/politica-de-calidad\/","og_site_name":"Telcombas","article_modified_time":"2025-11-24T19:35:21+00:00","og_image":[{"width":2560,"height":1707,"url":"https:\/\/www.telcombas.com\/wp-content\/uploads\/2025\/11\/IMG_7643-scaled.jpg","type":"image\/jpeg"}],"twitter_card":"summary_large_image","twitter_misc":{"Est. reading time":"3 minutes"},"schema":{"@context":"https:\/\/schema.org","@graph":[{"@type":"WebPage","@id":"https:\/\/www.telcombas.com\/politica-de-calidad\/","url":"https:\/\/www.telcombas.com\/politica-de-calidad\/","name":"Pol\u00edtica de Calidad | Telcombas","isPartOf":{"@id":"http:\/\/www.telcombas.com\/#website"},"primaryImageOfPage":{"@id":"https:\/\/www.telcombas.com\/politica-de-calidad\/#primaryimage"},"image":{"@id":"https:\/\/www.telcombas.com\/politica-de-calidad\/#primaryimage"},"thumbnailUrl":"https:\/\/www.telcombas.com\/wp-content\/uploads\/2025\/11\/IMG_7643-scaled.jpg","datePublished":"2025-11-24T19:02:32+00:00","dateModified":"2025-11-24T19:35:21+00:00","breadcrumb":{"@id":"https:\/\/www.telcombas.com\/politica-de-calidad\/#breadcrumb"},"inLanguage":"en-US","potentialAction":[{"@type":"ReadAction","target":["https:\/\/www.telcombas.com\/politica-de-calidad\/"]}]},{"@type":"ImageObject","inLanguage":"en-US","@id":"https:\/\/www.telcombas.com\/politica-de-calidad\/#primaryimage","url":"https:\/\/www.telcombas.com\/wp-content\/uploads\/2025\/11\/IMG_7643-scaled.jpg","contentUrl":"https:\/\/www.telcombas.com\/wp-content\/uploads\/2025\/11\/IMG_7643-scaled.jpg","width":2560,"height":1707},{"@type":"BreadcrumbList","@id":"https:\/\/www.telcombas.com\/politica-de-calidad\/#breadcrumb","itemListElement":[{"@type":"ListItem","position":1,"name":"Home","item":"https:\/\/www.telcombas.com\/"},{"@type":"ListItem","position":2,"name":"Pol\u00edtica de Calidad"}]},{"@type":"WebSite","@id":"http:\/\/www.telcombas.com\/#website","url":"http:\/\/www.telcombas.com\/","name":"Telcombas","description":"Integrador de Servicios de Telecomunicaciones","publisher":{"@id":"http:\/\/www.telcombas.com\/#organization"},"potentialAction":[{"@type":"SearchAction","target":{"@type":"EntryPoint","urlTemplate":"http:\/\/www.telcombas.com\/?s={search_term_string}"},"query-input":{"@type":"PropertyValueSpecification","valueRequired":true,"valueName":"search_term_string"}}],"inLanguage":"en-US"},{"@type":"Organization","@id":"http:\/\/www.telcombas.com\/#organization","name":"Telcombas","url":"http:\/\/www.telcombas.com\/","logo":{"@type":"ImageObject","inLanguage":"en-US","@id":"http:\/\/www.telcombas.com\/#\/schema\/logo\/image\/","url":"https:\/\/www.telcombas.com\/wp-content\/uploads\/2022\/08\/5E58E03CC6664B7A8EEF02DD4BBD75EA.jpg","contentUrl":"https:\/\/www.telcombas.com\/wp-content\/uploads\/2022\/08\/5E58E03CC6664B7A8EEF02DD4BBD75EA.jpg","width":352,"height":78,"caption":"Telcombas"},"image":{"@id":"http:\/\/www.telcombas.com\/#\/schema\/logo\/image\/"}}]}},"_links":{"self":[{"href":"https:\/\/www.telcombas.com\/en\/wp-json\/wp\/v2\/pages\/16874","targetHints":{"allow":["GET"]}}],"collection":[{"href":"https:\/\/www.telcombas.com\/en\/wp-json\/wp\/v2\/pages"}],"about":[{"href":"https:\/\/www.telcombas.com\/en\/wp-json\/wp\/v2\/types\/page"}],"author":[{"embeddable":true,"href":"https:\/\/www.telcombas.com\/en\/wp-json\/wp\/v2\/users\/3"}],"replies":[{"embeddable":true,"href":"https:\/\/www.telcombas.com\/en\/wp-json\/wp\/v2\/comments?post=16874"}],"version-history":[{"count":5,"href":"https:\/\/www.telcombas.com\/en\/wp-json\/wp\/v2\/pages\/16874\/revisions"}],"predecessor-version":[{"id":16892,"href":"https:\/\/www.telcombas.com\/en\/wp-json\/wp\/v2\/pages\/16874\/revisions\/16892"}],"wp:featuredmedia":[{"embeddable":true,"href":"https:\/\/www.telcombas.com\/en\/wp-json\/wp\/v2\/media\/16876"}],"wp:attachment":[{"href":"https:\/\/www.telcombas.com\/en\/wp-json\/wp\/v2\/media?parent=16874"}],"curies":[{"name":"wp","href":"https:\/\/api.w.org\/{rel}","templated":true}]}}