{"id":16284,"date":"2020-10-22T23:14:19","date_gmt":"2020-10-23T04:14:19","guid":{"rendered":"http:\/\/www.telcombas.com\/?page_id=16284"},"modified":"2024-06-16T12:39:28","modified_gmt":"2024-06-16T17:39:28","slug":"ambiente-inteligente","status":"publish","type":"page","link":"https:\/\/www.telcombas.com\/en\/ambiente-inteligente\/","title":{"rendered":"Smart Environment"},"content":{"rendered":"<div id=\"cmsmasters_row_ilc11qjk5\" class=\"cmsmasters_row cmsmasters_color_scheme_default cmsmasters_row_top_default cmsmasters_row_bot_default cmsmasters_row_boxed\" data-stellar-background-ratio=\"0.5\">\n<div class=\"cmsmasters_row_outer_parent\">\n<div class=\"cmsmasters_row_outer\">\n<div class=\"cmsmasters_row_inner\">\n<div class=\"cmsmasters_row_margin\">\n<div id=\"cmsmasters_column_8yhq6lj6mk\" class=\"cmsmasters_column one_first\">\n<div class=\"cmsmasters_column_inner\">\n<div id=\"cmsmasters_divider_949rclz1a\" class=\"cl\"><\/div>\n<div id=\"cmsmasters_heading_79bl03kkcm\" class=\"cmsmasters_heading_wrap cmsmasters_heading_align_left\" data-animation=\"fadeInUp\" data-delay=\"0\">\n\t<h2 class=\"cmsmasters_heading\">Smart Environment<\/h2>\n<\/div><div id=\"cmsmasters_heading_g8adr6jqda\" class=\"cmsmasters_heading_wrap cmsmasters_heading_align_left\" data-animation=\"fadeInLeft\" data-delay=\"0\">\n\t<h5 class=\"cmsmasters_heading\">IOT Solutions<\/h5>\n<\/div>\n<div id=\"cmsmasters_divider_814pj3xupr\" class=\"cl\"><\/div>\n<\/div><\/div>\n<\/div>\n<\/div>\n<\/div>\n<\/div>\n<\/div>\n<div id=\"cmsmasters_row_tx50xqjrvo\" class=\"cmsmasters_row cmsmasters_color_scheme_default cmsmasters_row_top_default cmsmasters_row_bot_default cmsmasters_row_fullwidth\">\n<div class=\"cmsmasters_row_outer_parent\">\n<div class=\"cmsmasters_row_outer\">\n<div class=\"cmsmasters_row_inner cmsmasters_row_fullwidth cmsmasters_row_no_margin\">\n<div class=\"cmsmasters_row_margin cmsmasters_row_columns_behavior\">\n<div id=\"cmsmasters_column_ckit5cfu7a\" class=\"cmsmasters_column two_third\">\n<div class=\"cmsmasters_column_inner\"><div class=\"cmsmasters_text\">\n<p><span style=\"font-weight: 400;\">Pollution is one of the major problems affecting the quality of life in cities.<\/span><\/p>\n<p><b>How is human health affected by pollution?<\/b><\/p>\n<ul>\n<li style=\"font-weight: 400;\"><span style=\"font-weight: 400;\">Chronic Obstructive Pulmonary Disease (COPD)<\/span><\/li>\n<li style=\"font-weight: 400;\"><span style=\"font-weight: 400;\">Lung cancer<\/span><\/li>\n<li style=\"font-weight: 400;\"><span style=\"font-weight: 400;\">Coronary heart diseases<\/span><\/li>\n<li style=\"font-weight: 400;\"><span style=\"font-weight: 400;\">Stroke<\/span><\/li>\n<li style=\"font-weight: 400;\"><span style=\"font-weight: 400;\">Lower respiratory tract infection<\/span><\/li>\n<\/ul>\n<\/div>\n<div class=\"cmsmasters_text\">\n<h3 class=\"translation-block\"><b><span style=\"color: #99cc00\">By 2050, outdoor air pollution<\/span>  (particulate matter and ground-level ozone) <\/b>is expected to become<span style=\"color: #99cc00\"> the leading cause of environment-related deaths worldwide.<\/span><\/h3>\n<\/div>\n<\/div><\/div>\n<div id=\"cmsmasters_column_7h3yhj1vn\" class=\"cmsmasters_column one_third\">\n<div class=\"cmsmasters_column_inner\"><div class=\"cmsmasters_img  cmsmasters_image_n\"><img decoding=\"async\" src=\"https:\/\/www.telcombas.com\/wp-content\/uploads\/2020\/10\/SOLUTIONS-the-challenge-environment.svg\" \/><\/div>\n<\/div><\/div>\n<\/div>\n<\/div>\n<\/div>\n<\/div>\n<\/div>\n<div id=\"cmsmasters_row_nmhxq905sp\" class=\"cmsmasters_row cmsmasters_color_scheme_default cmsmasters_row_top_default cmsmasters_row_bot_default cmsmasters_row_fullwidth\">\n<div class=\"cmsmasters_row_outer_parent\">\n<div class=\"cmsmasters_row_outer\">\n<div class=\"cmsmasters_row_inner cmsmasters_row_fullwidth cmsmasters_row_no_margin\">\n<div class=\"cmsmasters_row_margin cmsmasters_row_columns_behavior\">\n<div id=\"cmsmasters_column_5vpciivpq\" class=\"cmsmasters_column one_third\">\n<div class=\"cmsmasters_column_inner\"><div class=\"cmsmasters_text\">\n<h3><span style=\"font-weight: 400;\">IoT Solution for Smart Environments<\/span><\/h3>\n<\/div>\n<div class=\"cmsmasters_img  cmsmasters_image_n\"><img decoding=\"async\" src=\"https:\/\/www.telcombas.com\/wp-content\/uploads\/2020\/10\/LOGO-creatividad-environment-min-1-300x242.png\" \/><\/div>\n<\/div><\/div>\n<div id=\"cmsmasters_column_8p2fkhwnvw\" class=\"cmsmasters_column one_third\">\n<div class=\"cmsmasters_column_inner\"><div class=\"cmsmasters_text\">\n<ul>\n<li style=\"font-weight: 400;\"><span style=\"font-weight: 400; font-size: 1.6em;\">IoT technology allows users to measure air quality by monitoring various parameters.<\/span><\/li>\n<li style=\"font-weight: 400;\">Air pollution means that the amount of sulfur dioxide (SO\u2082), nitrogen dioxide (NO\u2082), and carbon monoxide (CO) in the air exceeds the criteria set by the World Health Organization (WHO).<\/li>\n<\/ul>\n<\/div>\n<\/div><\/div>\n<div id=\"cmsmasters_column_yo48n60ox5\" class=\"cmsmasters_column one_third\">\n<div class=\"cmsmasters_column_inner\"><div class=\"cmsmasters_text\">\n<ul>\n<li style=\"font-weight: 400;\"><span style=\"font-weight: 400;\">The air quality index measures the air quality. It shows the amount and types of dissolved gases in the air. The air quality index comprises 8 pollutants (PM10, PM2.5, NO\u2082, SO\u2082, CO, O\u2083, NH\u2083, and Pb).\u00a0<\/span><span style=\"font-weight: 400;\">2<\/span><span style=\"font-weight: 400;\">\u00a0, SO\u00a0<\/span><span style=\"font-weight: 400;\">2<\/span><span style=\"font-weight: 400;\">\u00a0, CO, O\u00a0<\/span><span style=\"font-weight: 400;\">3<\/span><span style=\"font-weight: 400;\">\u00a0, NH\u00a0<\/span><span style=\"font-weight: 400;\">3<\/span><span style=\"font-weight: 400;\">\u00a0y Pb).<\/span><\/li>\n<li style=\"font-weight: 400;\"><span style=\"font-weight: 400;\">There are 6 air categories in the air quality index. The categories define the air quality: good, satisfactory, moderate, poor, very poor, and severe.<\/span><\/li>\n<\/ul>\n<\/div>\n<\/div><\/div>\n<\/div>\n<\/div>\n<\/div>\n<\/div>\n<\/div>\n<div id=\"cmsmasters_row_chc0trj7c\" class=\"cmsmasters_row cmsmasters_color_scheme_default cmsmasters_row_top_default cmsmasters_row_bot_default cmsmasters_row_boxed\" data-stellar-background-ratio=\"0.5\">\n<div class=\"cmsmasters_row_outer_parent\">\n<div class=\"cmsmasters_row_outer\">\n<div class=\"cmsmasters_row_inner\">\n<div class=\"cmsmasters_row_margin\">\n<div id=\"cmsmasters_column_3n83lj4iuf\" class=\"cmsmasters_column one_first\">\n<div class=\"cmsmasters_column_inner\">\n<div id=\"cmsmasters_divider_vmxy0zfo59\" class=\"cl\"><\/div>\n<div id=\"cmsmasters_heading_nw5jt7u4b3\" class=\"cmsmasters_heading_wrap cmsmasters_heading_align_center\">\n\t<h2 class=\"cmsmasters_heading\">Benefits of IoT Technology for the Environment<\/h2>\n<\/div>\n<div id=\"cmsmasters_divider_n6z7c5x8v\" class=\"cl\"><\/div>\n<\/div><\/div>\n<\/div>\n<\/div>\n<div class=\"cmsmasters_row_inner\">\n<div class=\"cmsmasters_row_margin\">\n<div id=\"cmsmasters_column_x62530w2g\" class=\"cmsmasters_column one_half\">\n<div class=\"cmsmasters_column_inner\"><div class=\"cmsmasters_text\">\n<ul>\n<li style=\"font-weight: 400;\"><span style=\"font-weight: 400;\">Measuring air quality is mandatory in cities and industries to demonstrate compliance with environmental regulations.<\/span><\/li>\n<li style=\"font-weight: 400;\"><span style=\"font-weight: 400;\">Air quality information provides citizens with better resources to avoid respiratory diseases and implement risk prevention measures.<\/span><\/li>\n<\/ul>\n<\/div>\n<\/div><\/div>\n<div id=\"cmsmasters_column_u39bfjh1a6\" class=\"cmsmasters_column one_half\">\n<div class=\"cmsmasters_column_inner\"><div class=\"cmsmasters_text\">\n<ul>\n<li style=\"font-weight: 400;\"><span style=\"font-weight: 400;\">Environmental monitoring is useful for explaining to citizens the reasons for implementing traffic restrictions in case of high pollution.<\/span><\/li>\n<li style=\"font-weight: 400;\"><span style=\"font-weight: 400;\">Cities that monitor their pollution levels can implement better measures to ensure healthier air quality for their residents and tourists, obtaining eco-friendly destination certifications.<\/span><\/li>\n<\/ul>\n<\/div>\n<\/div><\/div>\n<\/div>\n<\/div>\n<\/div>\n<\/div>\n<\/div>\n<div id=\"cmsmasters_row_eqsispk5vl\" class=\"cmsmasters_row cmsmasters_color_scheme_default cmsmasters_row_top_default cmsmasters_row_bot_default cmsmasters_row_boxed\">\n<div class=\"cmsmasters_row_outer_parent\">\n<div class=\"cmsmasters_row_outer\">\n<div class=\"cmsmasters_row_inner\">\n<div class=\"cmsmasters_row_margin\">\n<div id=\"cmsmasters_column_2fsn62mmo1\" class=\"cmsmasters_column one_third\">\n<div class=\"cmsmasters_column_inner\"><div class=\"cmsmasters_text\">\n<h4><span style=\"background-color: #ccffcc;\"><strong>Features<\/strong><\/span><\/h4>\n<\/div>\n<\/div><\/div>\n<div id=\"cmsmasters_column_mfz32hon6a\" class=\"cmsmasters_column one_third\">\n<div class=\"cmsmasters_column_inner\"><\/div><\/div>\n<div id=\"cmsmasters_column_eatcavqgn2\" class=\"cmsmasters_column one_third\">\n<div class=\"cmsmasters_column_inner\"><\/div><\/div>\n<\/div>\n<\/div>\n<\/div>\n<\/div>\n<\/div>\n<div id=\"cmsmasters_row_gz38mtjrcc\" class=\"cmsmasters_row cmsmasters_color_scheme_default cmsmasters_row_top_default cmsmasters_row_bot_default cmsmasters_row_boxed\">\n<div class=\"cmsmasters_row_outer_parent\">\n<div class=\"cmsmasters_row_outer\">\n<div class=\"cmsmasters_row_inner\">\n<div class=\"cmsmasters_row_margin\">\n<div id=\"cmsmasters_column_1zen4w1t5f\" class=\"cmsmasters_column one_third\">\n<div class=\"cmsmasters_column_inner\"><div class=\"cmsmasters_text\">\n<ol>\n<li><span style=\"font-weight: 400; color: #ffffff;\">High-precision sensors (continuously improving). Calibrated gas sensors are useful for measuring the exact value in PPM of a gas concentration. They are designed for applications requiring precise readings and exact concentrations.<\/span><\/li>\n<\/ol>\n<\/div>\n<\/div><\/div>\n<div id=\"cmsmasters_column_qhhkph776q\" class=\"cmsmasters_column one_third\">\n<div class=\"cmsmasters_column_inner\"><div class=\"cmsmasters_text\">\n<ol>\n<li value=\"2\"><span style=\"color: #ffffff;\">The particulate matter sensor, commonly known as the \"dust sensor,\" is integrated into the platform. This sensor measures PM1, PM2.5, and PM10 particles.<\/span><\/li>\n<li><span style=\"font-weight: 400; color: #ffffff;\">Solar-powered.<\/span><\/li>\n<li><span style=\"font-weight: 400; color: #ffffff;\">Long battery life.<\/span><\/li>\n<\/ol>\n<\/div>\n<\/div><\/div>\n<div id=\"cmsmasters_column_adc48n8fe\" class=\"cmsmasters_column one_third\">\n<div class=\"cmsmasters_column_inner\"><div class=\"cmsmasters_text\">\n<ol>\n<li value=\"5\"><span style=\"font-weight: 400; color: #ffffff;\">Predictive and preventive models can be built.<\/span><\/li>\n<\/ol>\n<h5><b>Physical characteristics:<\/b><\/h5>\n<ul>\n<li style=\"font-weight: 400;\"><span style=\"font-weight: 400; color: #ffffff;\">Minimal maintenance costs.<\/span><\/li>\n<li style=\"font-weight: 400;\"><span style=\"font-weight: 400; color: #ffffff;\">Weather-resistant enclosure.<\/span><\/li>\n<li style=\"font-weight: 400;\"><span style=\"font-weight: 400; color: #ffffff;\">Easy to implement.<\/span><\/li>\n<\/ul>\n<\/div>\n<\/div><\/div>\n<\/div>\n<\/div>\n<\/div>\n<\/div>\n<\/div>\n<div id=\"cmsmasters_row_40j58gezue\" class=\"cmsmasters_row cmsmasters_color_scheme_default cmsmasters_row_top_default cmsmasters_row_bot_default cmsmasters_row_boxed\">\n<div class=\"cmsmasters_row_outer_parent\">\n<div class=\"cmsmasters_row_outer\">\n<div class=\"cmsmasters_row_inner\">\n<div class=\"cmsmasters_row_margin\">\n<div id=\"cmsmasters_column_keqpy1b3sv\" class=\"cmsmasters_column one_third\">\n<div class=\"cmsmasters_column_inner\"><div class=\"cmsmasters_text\">\n<h4><span style=\"background-color: #ccffcc;\"><strong>Models and Sensors<\/strong><\/span><\/h4>\n<\/div>\n<\/div><\/div>\n<div id=\"cmsmasters_column_j3dhzg7w0m\" class=\"cmsmasters_column one_third\">\n<div class=\"cmsmasters_column_inner\"><\/div><\/div>\n<div id=\"cmsmasters_column_lp2j528x58\" class=\"cmsmasters_column one_third\">\n<div class=\"cmsmasters_column_inner\"><\/div><\/div>\n<\/div>\n<\/div>\n<\/div>\n<\/div>\n<\/div>\n<div id=\"cmsmasters_row_foyhdejl4g\" class=\"cmsmasters_row cmsmasters_color_scheme_default cmsmasters_row_top_default cmsmasters_row_bot_default cmsmasters_row_boxed\">\n<div class=\"cmsmasters_row_outer_parent\">\n<div class=\"cmsmasters_row_outer\">\n<div class=\"cmsmasters_row_inner\">\n<div class=\"cmsmasters_row_margin\">\n<div id=\"cmsmasters_column_leo5hg09yq\" class=\"cmsmasters_column one_third\">\n<div class=\"cmsmasters_column_inner\"><div class=\"cmsmasters_text\">\n<ul>\n<li style=\"font-weight: 400;\"><span style=\"font-weight: 400;\">Available Sensors:<\/span><\/li>\n<li style=\"font-weight: 400;\"><span style=\"font-weight: 400;\">Temperature, humidity, and pressure<\/span><\/li>\n<li style=\"font-weight: 400;\"><span style=\"font-weight: 400;\">Carbon monoxide (CO) for low concentrations<\/span><\/li>\n<li style=\"font-weight: 400;\"><span style=\"font-weight: 400;\">Di\u00f3xido de carbono (CO\u2082)<\/span><\/li>\n<li style=\"font-weight: 400;\"><span style=\"font-weight: 400;\">Ox\u00edgeno (O\u2082)<\/span><\/li>\n<li style=\"font-weight: 400;\"><span style=\"font-weight: 400;\">Ozono (O\u2083)<\/span><\/li>\n<li style=\"font-weight: 400;\"><span style=\"font-weight: 400;\">Nitric oxide (NO)<\/span><\/li>\n<\/ul>\n<\/div>\n<\/div><\/div>\n<div id=\"cmsmasters_column_7yzf873q6\" class=\"cmsmasters_column one_third\">\n<div class=\"cmsmasters_column_inner\"><div class=\"cmsmasters_text\">\n<ul>\n<li style=\"font-weight: 400;\"><span style=\"font-weight: 400;\">Di\u00f3xido n\u00edtrico de alta precisi\u00f3n (NO\u2082)<\/span><\/li>\n<li style=\"font-weight: 400;\"><span style=\"font-weight: 400;\">Di\u00f3xido de azufre de alta precisi\u00f3n (SO\u2082)<\/span><\/li>\n<li style=\"font-weight: 400;\"><span style=\"font-weight: 400;\">Amoniaco (NH\u2083)<\/span><\/li>\n<li style=\"font-weight: 400;\"><span style=\"font-weight: 400;\">Metano (CH\u2084) y gas combustible<\/span><\/li>\n<li style=\"font-weight: 400;\"><span style=\"font-weight: 400;\">Sulfuro de hidr\u00f3geno (H\u2082S)<\/span><\/li>\n<li style=\"font-weight: 400;\"><span style=\"font-weight: 400;\">Particulate matter (PM1 \/ PM2.5 \/ PM10) \u2013 Dust 1<\/span><\/li>\n<li style=\"font-weight: 400;\"><span style=\"font-weight: 400;\">M\u00e1s gases<\/span><\/li>\n<\/ul>\n<\/div>\n<\/div><\/div>\n<div id=\"cmsmasters_column_lb1etjcejm\" class=\"cmsmasters_column one_third\">\n<div class=\"cmsmasters_column_inner\"><div class=\"cmsmasters_img  cmsmasters_image_n\" data-animation=\"fadeInRight\" data-delay=\"0\"><img decoding=\"async\" src=\"https:\/\/www.telcombas.com\/wp-content\/uploads\/2020\/10\/SOLUTIONS-product-environment-300x300.png\" \/><\/div>\n<\/div><\/div>\n<\/div>\n<\/div>\n<\/div>\n<\/div>\n<\/div>\n<div id=\"cmsmasters_row_o60con6trf\" class=\"cmsmasters_row cmsmasters_color_scheme_default cmsmasters_row_top_default cmsmasters_row_bot_default cmsmasters_row_boxed\">\n<div class=\"cmsmasters_row_outer_parent\">\n<div class=\"cmsmasters_row_outer\">\n<div class=\"cmsmasters_row_inner\">\n<div class=\"cmsmasters_row_margin\">\n<div id=\"cmsmasters_column_noh2ar9k7r\" class=\"cmsmasters_column one_first\">\n<div class=\"cmsmasters_column_inner\"><div id=\"cmsmasters_heading_r7knltegle\" class=\"cmsmasters_heading_wrap cmsmasters_heading_align_center\">\n\t<h2 class=\"cmsmasters_heading\">Contact us<\/h2>\n<\/div><div id=\"cmsmasters_button_z5pc5t86p2\" class=\"button_wrap\"><a href=\"\/en\/contactanos\/\" class=\"cmsmasters_button\"><span>Stay in touch<\/span><\/a><\/div>\n<\/div><\/div>\n<\/div>\n<\/div>\n<\/div>\n<\/div>\n<\/div>","protected":false},"excerpt":{"rendered":"","protected":false},"author":3,"featured_media":0,"parent":0,"menu_order":0,"comment_status":"closed","ping_status":"closed","template":"","meta":{"inline_featured_image":false,"footnotes":""},"class_list":["post-16284","page","type-page","status-publish","hentry"],"yoast_head":"<!-- This site is optimized with the Yoast SEO plugin v27.4 - https:\/\/yoast.com\/product\/yoast-seo-wordpress\/ -->\n<title>Ambiente Inteligente | Telcombas<\/title>\n<meta name=\"robots\" content=\"index, follow, max-snippet:-1, max-image-preview:large, max-video-preview:-1\" \/>\n<link rel=\"canonical\" href=\"https:\/\/www.telcombas.com\/en\/ambiente-inteligente\/\" \/>\n<meta property=\"og:locale\" content=\"en_US\" \/>\n<meta property=\"og:type\" content=\"article\" \/>\n<meta property=\"og:title\" content=\"Ambiente Inteligente | Telcombas\" \/>\n<meta property=\"og:url\" content=\"https:\/\/www.telcombas.com\/en\/ambiente-inteligente\/\" \/>\n<meta property=\"og:site_name\" content=\"Telcombas\" \/>\n<meta property=\"article:modified_time\" content=\"2024-06-16T17:39:28+00:00\" \/>\n<meta name=\"twitter:card\" content=\"summary_large_image\" \/>\n<meta name=\"twitter:label1\" content=\"Est. reading time\" \/>\n\t<meta name=\"twitter:data1\" content=\"5 minutes\" \/>\n<script type=\"application\/ld+json\" class=\"yoast-schema-graph\">{\"@context\":\"https:\\\/\\\/schema.org\",\"@graph\":[{\"@type\":\"WebPage\",\"@id\":\"https:\\\/\\\/www.telcombas.com\\\/ambiente-inteligente\\\/\",\"url\":\"https:\\\/\\\/www.telcombas.com\\\/ambiente-inteligente\\\/\",\"name\":\"Ambiente Inteligente | Telcombas\",\"isPartOf\":{\"@id\":\"http:\\\/\\\/www.telcombas.com\\\/#website\"},\"datePublished\":\"2020-10-23T04:14:19+00:00\",\"dateModified\":\"2024-06-16T17:39:28+00:00\",\"breadcrumb\":{\"@id\":\"https:\\\/\\\/www.telcombas.com\\\/ambiente-inteligente\\\/#breadcrumb\"},\"inLanguage\":\"en-US\",\"potentialAction\":[{\"@type\":\"ReadAction\",\"target\":[\"https:\\\/\\\/www.telcombas.com\\\/ambiente-inteligente\\\/\"]}]},{\"@type\":\"BreadcrumbList\",\"@id\":\"https:\\\/\\\/www.telcombas.com\\\/ambiente-inteligente\\\/#breadcrumb\",\"itemListElement\":[{\"@type\":\"ListItem\",\"position\":1,\"name\":\"Home\",\"item\":\"https:\\\/\\\/www.telcombas.com\\\/\"},{\"@type\":\"ListItem\",\"position\":2,\"name\":\"Ambiente Inteligente\"}]},{\"@type\":\"WebSite\",\"@id\":\"http:\\\/\\\/www.telcombas.com\\\/#website\",\"url\":\"http:\\\/\\\/www.telcombas.com\\\/\",\"name\":\"Telcombas\",\"description\":\"Integrador de Servicios de Telecomunicaciones\",\"publisher\":{\"@id\":\"http:\\\/\\\/www.telcombas.com\\\/#organization\"},\"potentialAction\":[{\"@type\":\"SearchAction\",\"target\":{\"@type\":\"EntryPoint\",\"urlTemplate\":\"http:\\\/\\\/www.telcombas.com\\\/?s={search_term_string}\"},\"query-input\":{\"@type\":\"PropertyValueSpecification\",\"valueRequired\":true,\"valueName\":\"search_term_string\"}}],\"inLanguage\":\"en-US\"},{\"@type\":\"Organization\",\"@id\":\"http:\\\/\\\/www.telcombas.com\\\/#organization\",\"name\":\"Telcombas\",\"url\":\"http:\\\/\\\/www.telcombas.com\\\/\",\"logo\":{\"@type\":\"ImageObject\",\"inLanguage\":\"en-US\",\"@id\":\"http:\\\/\\\/www.telcombas.com\\\/#\\\/schema\\\/logo\\\/image\\\/\",\"url\":\"https:\\\/\\\/www.telcombas.com\\\/wp-content\\\/uploads\\\/2022\\\/08\\\/5E58E03CC6664B7A8EEF02DD4BBD75EA.jpg\",\"contentUrl\":\"https:\\\/\\\/www.telcombas.com\\\/wp-content\\\/uploads\\\/2022\\\/08\\\/5E58E03CC6664B7A8EEF02DD4BBD75EA.jpg\",\"width\":352,\"height\":78,\"caption\":\"Telcombas\"},\"image\":{\"@id\":\"http:\\\/\\\/www.telcombas.com\\\/#\\\/schema\\\/logo\\\/image\\\/\"}}]}<\/script>\n<!-- \/ Yoast SEO plugin. -->","yoast_head_json":{"title":"Ambiente Inteligente | Telcombas","robots":{"index":"index","follow":"follow","max-snippet":"max-snippet:-1","max-image-preview":"max-image-preview:large","max-video-preview":"max-video-preview:-1"},"canonical":"https:\/\/www.telcombas.com\/en\/ambiente-inteligente\/","og_locale":"en_US","og_type":"article","og_title":"Ambiente Inteligente | Telcombas","og_url":"https:\/\/www.telcombas.com\/en\/ambiente-inteligente\/","og_site_name":"Telcombas","article_modified_time":"2024-06-16T17:39:28+00:00","twitter_card":"summary_large_image","twitter_misc":{"Est. reading time":"5 minutes"},"schema":{"@context":"https:\/\/schema.org","@graph":[{"@type":"WebPage","@id":"https:\/\/www.telcombas.com\/ambiente-inteligente\/","url":"https:\/\/www.telcombas.com\/ambiente-inteligente\/","name":"Ambiente Inteligente | Telcombas","isPartOf":{"@id":"http:\/\/www.telcombas.com\/#website"},"datePublished":"2020-10-23T04:14:19+00:00","dateModified":"2024-06-16T17:39:28+00:00","breadcrumb":{"@id":"https:\/\/www.telcombas.com\/ambiente-inteligente\/#breadcrumb"},"inLanguage":"en-US","potentialAction":[{"@type":"ReadAction","target":["https:\/\/www.telcombas.com\/ambiente-inteligente\/"]}]},{"@type":"BreadcrumbList","@id":"https:\/\/www.telcombas.com\/ambiente-inteligente\/#breadcrumb","itemListElement":[{"@type":"ListItem","position":1,"name":"Home","item":"https:\/\/www.telcombas.com\/"},{"@type":"ListItem","position":2,"name":"Ambiente Inteligente"}]},{"@type":"WebSite","@id":"http:\/\/www.telcombas.com\/#website","url":"http:\/\/www.telcombas.com\/","name":"Telcombas","description":"Integrador de Servicios de Telecomunicaciones","publisher":{"@id":"http:\/\/www.telcombas.com\/#organization"},"potentialAction":[{"@type":"SearchAction","target":{"@type":"EntryPoint","urlTemplate":"http:\/\/www.telcombas.com\/?s={search_term_string}"},"query-input":{"@type":"PropertyValueSpecification","valueRequired":true,"valueName":"search_term_string"}}],"inLanguage":"en-US"},{"@type":"Organization","@id":"http:\/\/www.telcombas.com\/#organization","name":"Telcombas","url":"http:\/\/www.telcombas.com\/","logo":{"@type":"ImageObject","inLanguage":"en-US","@id":"http:\/\/www.telcombas.com\/#\/schema\/logo\/image\/","url":"https:\/\/www.telcombas.com\/wp-content\/uploads\/2022\/08\/5E58E03CC6664B7A8EEF02DD4BBD75EA.jpg","contentUrl":"https:\/\/www.telcombas.com\/wp-content\/uploads\/2022\/08\/5E58E03CC6664B7A8EEF02DD4BBD75EA.jpg","width":352,"height":78,"caption":"Telcombas"},"image":{"@id":"http:\/\/www.telcombas.com\/#\/schema\/logo\/image\/"}}]}},"_links":{"self":[{"href":"https:\/\/www.telcombas.com\/en\/wp-json\/wp\/v2\/pages\/16284","targetHints":{"allow":["GET"]}}],"collection":[{"href":"https:\/\/www.telcombas.com\/en\/wp-json\/wp\/v2\/pages"}],"about":[{"href":"https:\/\/www.telcombas.com\/en\/wp-json\/wp\/v2\/types\/page"}],"author":[{"embeddable":true,"href":"https:\/\/www.telcombas.com\/en\/wp-json\/wp\/v2\/users\/3"}],"replies":[{"embeddable":true,"href":"https:\/\/www.telcombas.com\/en\/wp-json\/wp\/v2\/comments?post=16284"}],"version-history":[{"count":5,"href":"https:\/\/www.telcombas.com\/en\/wp-json\/wp\/v2\/pages\/16284\/revisions"}],"predecessor-version":[{"id":16771,"href":"https:\/\/www.telcombas.com\/en\/wp-json\/wp\/v2\/pages\/16284\/revisions\/16771"}],"wp:attachment":[{"href":"https:\/\/www.telcombas.com\/en\/wp-json\/wp\/v2\/media?parent=16284"}],"curies":[{"name":"wp","href":"https:\/\/api.w.org\/{rel}","templated":true}]}}